{"id":614,"date":"2008-06-16T22:19:42","date_gmt":"2008-06-16T20:19:42","guid":{"rendered":"http:\/\/autoconstruction-ecologique.fr\/rappel-sur-les-formations-que-jai-suivi\/"},"modified":"2022-08-04T21:09:05","modified_gmt":"2022-08-04T19:09:05","slug":"rappel-sur-les-formations-que-jai-suivi","status":"publish","type":"page","link":"https:\/\/autoconstruction-ecologique.fr\/?page_id=614","title":{"rendered":"Rappel sur les formations que j&rsquo;ai suivi"},"content":{"rendered":"\n<p>Je m\u2019aper\u00e7ois que j&rsquo;ai eu pas mal de question sur les formations que j&rsquo;ai suivi.<\/p>\n\n\n\n<p>Donc pour faire une r\u00e9ponse collective, \u00e7a se passe a Roanne ( 42 ) au Greta, section \u00e9nergie renouvelables.<\/p>\n\n\n\n<p>Leur coordonn\u00e9es:<br>GRETA ROANNAIS<br>4 Impasse champromis<br>42300 ROANNE<br>04 77 23 05 05<br>04 77 23 26 98<br><a href=\"https:\/\/www1.ac-lyon.fr\/greta\/loire\">https:\/\/www1.ac-lyon.fr\/greta\/loire<\/a><br>Vous leur t\u00e9l\u00e9phonez et ils vous donnerons tous les renseignements n\u00e9cessaires.<\/p>\n\n\n\n<p>Pour le financement, vous pouvez passer par les voies traditionnelles, mais personnellement, je me suis autofinanc\u00e9 par manque de temps mais surtout parce que les habitants de la r\u00e9gion Rh\u00f4ne alpes b\u00e9n\u00e9ficient d&rsquo;une aide a hauteur d&rsquo;environ 80% du prix de la formation. Ce qui est plus qu&rsquo;int\u00e9ressant.<\/p>\n\n\n\n<p>Pour ce qui est de la qualit\u00e9s des formations, je n&rsquo;ai rien a redire a part, peut \u00eatre, des dur\u00e9es de formations un peu limit\u00e9es qui ne permettent pas d&rsquo;approfondir les sujets. Mais je suppose que c&rsquo;en est, de m\u00eame avec les autres formations payantes.<\/p>\n\n\n\n<p>Donc, si vous habitez la r\u00e9gion Rh\u00f4ne alpes, je ne peux que vous conseiller de faire le maximum de formation, vous aurez une vue d&rsquo;ensemble assez compl\u00e8te de l\u2019\u00e9coconstruction.<\/p>\n\n\n\n<p>Pour ceux qui veulent y jeter un coup d\u2019\u0153il :<\/p>\n\n\n\n<div data-wp-interactive=\"core\/file\" class=\"wp-block-file\"><object data-wp-bind--hidden=\"!state.hasPdfPreview\" hidden class=\"wp-block-file__embed\" data=\"https:\/\/autoconstruction-ecologique.fr\/wp-content\/uploads\/2022\/08\/formation-pise-avec-xavier-auplat.pdf\" type=\"application\/pdf\" style=\"width:100%;height:600px\" aria-label=\"Contenu embarqu\u00e9 Contenu embarqu\u00e9 formation-pise-avec-xavier-auplat..\"><\/object><a id=\"wp-block-file--media-b7a7fd57-31d1-458c-af61-9954671b3dd8\" href=\"https:\/\/autoconstruction-ecologique.fr\/wp-content\/uploads\/2022\/08\/formation-pise-avec-xavier-auplat.pdf\">formation-pise-avec-xavier-auplat<\/a><a href=\"https:\/\/autoconstruction-ecologique.fr\/wp-content\/uploads\/2022\/08\/formation-pise-avec-xavier-auplat.pdf\" class=\"wp-block-file__button\" download aria-describedby=\"wp-block-file--media-b7a7fd57-31d1-458c-af61-9954671b3dd8\">T\u00e9l\u00e9charger<\/a><\/div>\n\n\n\n<div data-wp-interactive=\"core\/file\" class=\"wp-block-file\"><object data-wp-bind--hidden=\"!state.hasPdfPreview\" hidden class=\"wp-block-file__embed\" data=\"https:\/\/autoconstruction-ecologique.fr\/wp-content\/uploads\/2022\/08\/formation-paille-avec-mathieu-junique.pdf\" type=\"application\/pdf\" style=\"width:100%;height:600px\" aria-label=\"Contenu embarqu\u00e9 Contenu embarqu\u00e9 formation-paille-avec-mathieu-junique..\"><\/object><a id=\"wp-block-file--media-955ab695-cd67-4223-a9e9-c85480925923\" href=\"https:\/\/autoconstruction-ecologique.fr\/wp-content\/uploads\/2022\/08\/formation-paille-avec-mathieu-junique.pdf\">formation-paille-avec-mathieu-junique<\/a><a href=\"https:\/\/autoconstruction-ecologique.fr\/wp-content\/uploads\/2022\/08\/formation-paille-avec-mathieu-junique.pdf\" class=\"wp-block-file__button\" download aria-describedby=\"wp-block-file--media-955ab695-cd67-4223-a9e9-c85480925923\">T\u00e9l\u00e9charger<\/a><\/div>\n\n\n\n<div data-wp-interactive=\"core\/file\" class=\"wp-block-file\"><object data-wp-bind--hidden=\"!state.hasPdfPreview\" hidden class=\"wp-block-file__embed\" data=\"https:\/\/autoconstruction-ecologique.fr\/wp-content\/uploads\/2022\/08\/fabrication-poutre-en-I.pdf\" type=\"application\/pdf\" style=\"width:100%;height:600px\" aria-label=\"Contenu embarqu\u00e9 Contenu embarqu\u00e9 fabrication-poutre-en-I..\"><\/object><a id=\"wp-block-file--media-a2e318ae-9bf4-47f5-b4a8-42dcd0402d88\" href=\"https:\/\/autoconstruction-ecologique.fr\/wp-content\/uploads\/2022\/08\/fabrication-poutre-en-I.pdf\">fabrication-poutre-en-I<\/a><a href=\"https:\/\/autoconstruction-ecologique.fr\/wp-content\/uploads\/2022\/08\/fabrication-poutre-en-I.pdf\" class=\"wp-block-file__button\" download aria-describedby=\"wp-block-file--media-a2e318ae-9bf4-47f5-b4a8-42dcd0402d88\">T\u00e9l\u00e9charger<\/a><\/div>\n\n\n\n<p>Pour les photos ( pas eu le temps de mettre le texte explicatif\u2026 ) de mon stage po\u00eale de masse, c\u2019est ici :<\/p>\n\n\n\n<p><a href=\"https:\/\/photos.google.com\/album\/AF1QipNHFKEcM80ogd_3sMQgrEurEE0UdfNpfg-8NEF3 \">https:\/\/photos.google.com\/album\/AF1QipNHFKEcM80ogd_3sMQgrEurEE0UdfNpfg-8NEF3 <\/a><\/p>\n","protected":false},"excerpt":{"rendered":"<p>Je m\u2019aper\u00e7ois que j&rsquo;ai eu pas mal de question sur les formations que j&rsquo;ai suivi. Donc pour faire une r\u00e9ponse collective, \u00e7a se passe a Roanne ( 42 ) au Greta, section \u00e9nergie renouvelables. Leur&hellip; <a href=\"https:\/\/autoconstruction-ecologique.fr\/?page_id=614\">Plus<\/a><\/p>\n","protected":false},"author":1,"featured_media":0,"parent":0,"menu_order":0,"comment_status":"open","ping_status":"open","template":"","meta":{"footnotes":""},"class_list":["post-614","page","type-page","status-publish","hentry"],"_links":{"self":[{"href":"https:\/\/autoconstruction-ecologique.fr\/index.php?rest_route=\/wp\/v2\/pages\/614","targetHints":{"allow":["GET"]}}],"collection":[{"href":"https:\/\/autoconstruction-ecologique.fr\/index.php?rest_route=\/wp\/v2\/pages"}],"about":[{"href":"https:\/\/autoconstruction-ecologique.fr\/index.php?rest_route=\/wp\/v2\/types\/page"}],"author":[{"embeddable":true,"href":"https:\/\/autoconstruction-ecologique.fr\/index.php?rest_route=\/wp\/v2\/users\/1"}],"replies":[{"embeddable":true,"href":"https:\/\/autoconstruction-ecologique.fr\/index.php?rest_route=%2Fwp%2Fv2%2Fcomments&post=614"}],"version-history":[{"count":3,"href":"https:\/\/autoconstruction-ecologique.fr\/index.php?rest_route=\/wp\/v2\/pages\/614\/revisions"}],"predecessor-version":[{"id":8725,"href":"https:\/\/autoconstruction-ecologique.fr\/index.php?rest_route=\/wp\/v2\/pages\/614\/revisions\/8725"}],"wp:attachment":[{"href":"https:\/\/autoconstruction-ecologique.fr\/index.php?rest_route=%2Fwp%2Fv2%2Fmedia&parent=614"}],"curies":[{"name":"wp","href":"https:\/\/api.w.org\/{rel}","templated":true}]}}